{"id":674,"date":"2026-01-11T22:55:56","date_gmt":"2026-01-11T22:55:56","guid":{"rendered":"https:\/\/upbeat-carson.85-215-104-24.plesk.page\/?page_id=674"},"modified":"2026-01-13T21:11:50","modified_gmt":"2026-01-13T21:11:50","slug":"blog","status":"publish","type":"page","link":"https:\/\/upbeat-carson.85-215-104-24.plesk.page\/index.php\/blog\/","title":{"rendered":"Blog"},"content":{"rendered":"<figure class=\"wp-block-image size-1536x1536\"><img loading=\"lazy\" decoding=\"async\" width=\"1536\" height=\"414\" src=\"https:\/\/upbeat-carson.85-215-104-24.plesk.page\/wp-content\/uploads\/2026\/01\/Blog-Logo-1-1536x414.png\" alt class=\"wp-image-303\" srcset=\"https:\/\/upbeat-carson.85-215-104-24.plesk.page\/wp-content\/uploads\/2026\/01\/Blog-Logo-1-1536x414.png 1536w, https:\/\/upbeat-carson.85-215-104-24.plesk.page\/wp-content\/uploads\/2026\/01\/Blog-Logo-1-300x81.png 300w, https:\/\/upbeat-carson.85-215-104-24.plesk.page\/wp-content\/uploads\/2026\/01\/Blog-Logo-1-1024x276.png 1024w, https:\/\/upbeat-carson.85-215-104-24.plesk.page\/wp-content\/uploads\/2026\/01\/Blog-Logo-1-768x207.png 768w, https:\/\/upbeat-carson.85-215-104-24.plesk.page\/wp-content\/uploads\/2026\/01\/Blog-Logo-1.png 1953w\" sizes=\"auto, (max-width: 1536px) 100vw, 1536px\" \/><\/figure>\n\n<h3 class=\"wp-block-heading\">{post_title}<\/h3>\n\n{post_excerpt:16}\n\n{post_date}\n\n{author_meta:display_name}\n\n{post_terms_category}\n\n\n\n<h2 class=\"wp-block-heading\">Impulse f\u00fcr P\u00e4dagogik in der Fahrschule<\/h2>\n\nBlog\n\nHier teile ich praxisnahe Gedanken, Methoden und Perspektiven rund um P\u00e4dagogik, Kommunikation und Lernprozesse in der Fahrausbildung. F\u00fcr FahrlehrerInnen, Anw\u00e4rterInnen und Fahrschul-UnternehmerInnen, die nicht nur \u201eStoff vermitteln\u201c, sondern Menschen sicher und souver\u00e4n begleiten m\u00f6chten.\nDu findest Beitr\u00e4ge zu Unterrichtsgestaltung, Motivation, Umgang mit Pr\u00fcfungsstress, Gespr\u00e4chsf\u00fchrung sowie F\u00fchrung und Teamkultur. Kurz, verst\u00e4ndlich und mit dem Blick auf das, was im Alltag wirklich funktioniert.","protected":false},"excerpt":{"rendered":"<p>{post_title} {post_excerpt:16} {post_date} {author_meta:display_name} {post_terms_category} Impulse f\u00fcr P\u00e4dagogik in der Fahrschule Blog Hier teile ich praxisnahe Gedanken, Methoden und Perspektiven rund um P\u00e4dagogik, Kommunikation und Lernprozesse in der Fahrausbildung. F\u00fcr FahrlehrerInnen, Anw\u00e4rterInnen und Fahrschul-UnternehmerInnen, die nicht nur \u201eStoff vermitteln\u201c, sondern Menschen sicher und souver\u00e4n begleiten m\u00f6chten. Du findest Beitr\u00e4ge zu Unterrichtsgestaltung, Motivation, Umgang mit Pr\u00fcfungsstress, [&hellip;]<\/p>\n","protected":false},"author":1,"featured_media":0,"parent":0,"menu_order":0,"comment_status":"closed","ping_status":"closed","template":"","meta":{"footnotes":""},"class_list":["post-674","page","type-page","status-publish","hentry"],"yoast_head":"<!-- This site is optimized with the Yoast SEO plugin v26.7 - https:\/\/yoast.com\/wordpress\/plugins\/seo\/ -->\n<title>Blog - Tatjana Contzen<\/title>\n<meta name=\"robots\" content=\"noindex, follow, max-snippet:-1, max-image-preview:large, max-video-preview:-1\" \/>\n<meta property=\"og:locale\" content=\"de_DE\" \/>\n<meta property=\"og:type\" content=\"article\" \/>\n<meta property=\"og:title\" content=\"Blog - Tatjana Contzen\" \/>\n<meta property=\"og:description\" content=\"{post_title} {post_excerpt:16} {post_date} {author_meta:display_name} {post_terms_category} Impulse f\u00fcr P\u00e4dagogik in der Fahrschule Blog Hier teile ich praxisnahe Gedanken, Methoden und Perspektiven rund um P\u00e4dagogik, Kommunikation und Lernprozesse in der Fahrausbildung. F\u00fcr FahrlehrerInnen, Anw\u00e4rterInnen und Fahrschul-UnternehmerInnen, die nicht nur \u201eStoff vermitteln\u201c, sondern Menschen sicher und souver\u00e4n begleiten m\u00f6chten. Du findest Beitr\u00e4ge zu Unterrichtsgestaltung, Motivation, Umgang mit Pr\u00fcfungsstress, [&hellip;]\" \/>\n<meta property=\"og:url\" content=\"https:\/\/upbeat-carson.85-215-104-24.plesk.page\/index.php\/blog\/\" \/>\n<meta property=\"og:site_name\" content=\"Tatjana Contzen\" \/>\n<meta property=\"article:modified_time\" content=\"2026-01-13T21:11:50+00:00\" \/>\n<meta property=\"og:image\" content=\"https:\/\/upbeat-carson.85-215-104-24.plesk.page\/wp-content\/uploads\/2026\/01\/Blog-Logo-1.png\" \/>\n\t<meta property=\"og:image:width\" content=\"1953\" \/>\n\t<meta property=\"og:image:height\" content=\"526\" \/>\n\t<meta property=\"og:image:type\" content=\"image\/png\" \/>\n<meta name=\"twitter:card\" content=\"summary_large_image\" \/>\n<script type=\"application\/ld+json\" class=\"yoast-schema-graph\">{\"@context\":\"https:\/\/schema.org\",\"@graph\":[{\"@type\":\"WebPage\",\"@id\":\"https:\/\/upbeat-carson.85-215-104-24.plesk.page\/index.php\/blog\/\",\"url\":\"https:\/\/upbeat-carson.85-215-104-24.plesk.page\/index.php\/blog\/\",\"name\":\"Blog - Tatjana Contzen\",\"isPartOf\":{\"@id\":\"https:\/\/upbeat-carson.85-215-104-24.plesk.page\/#website\"},\"primaryImageOfPage\":{\"@id\":\"https:\/\/upbeat-carson.85-215-104-24.plesk.page\/index.php\/blog\/#primaryimage\"},\"image\":{\"@id\":\"https:\/\/upbeat-carson.85-215-104-24.plesk.page\/index.php\/blog\/#primaryimage\"},\"thumbnailUrl\":\"https:\/\/upbeat-carson.85-215-104-24.plesk.page\/wp-content\/uploads\/2026\/01\/Blog-Logo-1-1536x414.png\",\"datePublished\":\"2026-01-11T22:55:56+00:00\",\"dateModified\":\"2026-01-13T21:11:50+00:00\",\"breadcrumb\":{\"@id\":\"https:\/\/upbeat-carson.85-215-104-24.plesk.page\/index.php\/blog\/#breadcrumb\"},\"inLanguage\":\"de\",\"potentialAction\":[{\"@type\":\"ReadAction\",\"target\":[\"https:\/\/upbeat-carson.85-215-104-24.plesk.page\/index.php\/blog\/\"]}]},{\"@type\":\"ImageObject\",\"inLanguage\":\"de\",\"@id\":\"https:\/\/upbeat-carson.85-215-104-24.plesk.page\/index.php\/blog\/#primaryimage\",\"url\":\"https:\/\/upbeat-carson.85-215-104-24.plesk.page\/wp-content\/uploads\/2026\/01\/Blog-Logo-1.png\",\"contentUrl\":\"https:\/\/upbeat-carson.85-215-104-24.plesk.page\/wp-content\/uploads\/2026\/01\/Blog-Logo-1.png\",\"width\":1953,\"height\":526},{\"@type\":\"BreadcrumbList\",\"@id\":\"https:\/\/upbeat-carson.85-215-104-24.plesk.page\/index.php\/blog\/#breadcrumb\",\"itemListElement\":[{\"@type\":\"ListItem\",\"position\":1,\"name\":\"Startseite\",\"item\":\"https:\/\/upbeat-carson.85-215-104-24.plesk.page\/\"},{\"@type\":\"ListItem\",\"position\":2,\"name\":\"Blog\"}]},{\"@type\":\"WebSite\",\"@id\":\"https:\/\/upbeat-carson.85-215-104-24.plesk.page\/#website\",\"url\":\"https:\/\/upbeat-carson.85-215-104-24.plesk.page\/\",\"name\":\"Tatjana Contzen\",\"description\":\"\",\"potentialAction\":[{\"@type\":\"SearchAction\",\"target\":{\"@type\":\"EntryPoint\",\"urlTemplate\":\"https:\/\/upbeat-carson.85-215-104-24.plesk.page\/?s={search_term_string}\"},\"query-input\":{\"@type\":\"PropertyValueSpecification\",\"valueRequired\":true,\"valueName\":\"search_term_string\"}}],\"inLanguage\":\"de\"}]}<\/script>\n<!-- \/ Yoast SEO plugin. -->","yoast_head_json":{"title":"Blog - Tatjana Contzen","robots":{"index":"noindex","follow":"follow","max-snippet":"max-snippet:-1","max-image-preview":"max-image-preview:large","max-video-preview":"max-video-preview:-1"},"og_locale":"de_DE","og_type":"article","og_title":"Blog - Tatjana Contzen","og_description":"{post_title} {post_excerpt:16} {post_date} {author_meta:display_name} {post_terms_category} Impulse f\u00fcr P\u00e4dagogik in der Fahrschule Blog Hier teile ich praxisnahe Gedanken, Methoden und Perspektiven rund um P\u00e4dagogik, Kommunikation und Lernprozesse in der Fahrausbildung. F\u00fcr FahrlehrerInnen, Anw\u00e4rterInnen und Fahrschul-UnternehmerInnen, die nicht nur \u201eStoff vermitteln\u201c, sondern Menschen sicher und souver\u00e4n begleiten m\u00f6chten. Du findest Beitr\u00e4ge zu Unterrichtsgestaltung, Motivation, Umgang mit Pr\u00fcfungsstress, [&hellip;]","og_url":"https:\/\/upbeat-carson.85-215-104-24.plesk.page\/index.php\/blog\/","og_site_name":"Tatjana Contzen","article_modified_time":"2026-01-13T21:11:50+00:00","og_image":[{"width":1953,"height":526,"url":"https:\/\/upbeat-carson.85-215-104-24.plesk.page\/wp-content\/uploads\/2026\/01\/Blog-Logo-1.png","type":"image\/png"}],"twitter_card":"summary_large_image","schema":{"@context":"https:\/\/schema.org","@graph":[{"@type":"WebPage","@id":"https:\/\/upbeat-carson.85-215-104-24.plesk.page\/index.php\/blog\/","url":"https:\/\/upbeat-carson.85-215-104-24.plesk.page\/index.php\/blog\/","name":"Blog - Tatjana Contzen","isPartOf":{"@id":"https:\/\/upbeat-carson.85-215-104-24.plesk.page\/#website"},"primaryImageOfPage":{"@id":"https:\/\/upbeat-carson.85-215-104-24.plesk.page\/index.php\/blog\/#primaryimage"},"image":{"@id":"https:\/\/upbeat-carson.85-215-104-24.plesk.page\/index.php\/blog\/#primaryimage"},"thumbnailUrl":"https:\/\/upbeat-carson.85-215-104-24.plesk.page\/wp-content\/uploads\/2026\/01\/Blog-Logo-1-1536x414.png","datePublished":"2026-01-11T22:55:56+00:00","dateModified":"2026-01-13T21:11:50+00:00","breadcrumb":{"@id":"https:\/\/upbeat-carson.85-215-104-24.plesk.page\/index.php\/blog\/#breadcrumb"},"inLanguage":"de","potentialAction":[{"@type":"ReadAction","target":["https:\/\/upbeat-carson.85-215-104-24.plesk.page\/index.php\/blog\/"]}]},{"@type":"ImageObject","inLanguage":"de","@id":"https:\/\/upbeat-carson.85-215-104-24.plesk.page\/index.php\/blog\/#primaryimage","url":"https:\/\/upbeat-carson.85-215-104-24.plesk.page\/wp-content\/uploads\/2026\/01\/Blog-Logo-1.png","contentUrl":"https:\/\/upbeat-carson.85-215-104-24.plesk.page\/wp-content\/uploads\/2026\/01\/Blog-Logo-1.png","width":1953,"height":526},{"@type":"BreadcrumbList","@id":"https:\/\/upbeat-carson.85-215-104-24.plesk.page\/index.php\/blog\/#breadcrumb","itemListElement":[{"@type":"ListItem","position":1,"name":"Startseite","item":"https:\/\/upbeat-carson.85-215-104-24.plesk.page\/"},{"@type":"ListItem","position":2,"name":"Blog"}]},{"@type":"WebSite","@id":"https:\/\/upbeat-carson.85-215-104-24.plesk.page\/#website","url":"https:\/\/upbeat-carson.85-215-104-24.plesk.page\/","name":"Tatjana Contzen","description":"","potentialAction":[{"@type":"SearchAction","target":{"@type":"EntryPoint","urlTemplate":"https:\/\/upbeat-carson.85-215-104-24.plesk.page\/?s={search_term_string}"},"query-input":{"@type":"PropertyValueSpecification","valueRequired":true,"valueName":"search_term_string"}}],"inLanguage":"de"}]}},"_links":{"self":[{"href":"https:\/\/upbeat-carson.85-215-104-24.plesk.page\/index.php\/wp-json\/wp\/v2\/pages\/674","targetHints":{"allow":["GET"]}}],"collection":[{"href":"https:\/\/upbeat-carson.85-215-104-24.plesk.page\/index.php\/wp-json\/wp\/v2\/pages"}],"about":[{"href":"https:\/\/upbeat-carson.85-215-104-24.plesk.page\/index.php\/wp-json\/wp\/v2\/types\/page"}],"author":[{"embeddable":true,"href":"https:\/\/upbeat-carson.85-215-104-24.plesk.page\/index.php\/wp-json\/wp\/v2\/users\/1"}],"replies":[{"embeddable":true,"href":"https:\/\/upbeat-carson.85-215-104-24.plesk.page\/index.php\/wp-json\/wp\/v2\/comments?post=674"}],"version-history":[{"count":38,"href":"https:\/\/upbeat-carson.85-215-104-24.plesk.page\/index.php\/wp-json\/wp\/v2\/pages\/674\/revisions"}],"predecessor-version":[{"id":809,"href":"https:\/\/upbeat-carson.85-215-104-24.plesk.page\/index.php\/wp-json\/wp\/v2\/pages\/674\/revisions\/809"}],"wp:attachment":[{"href":"https:\/\/upbeat-carson.85-215-104-24.plesk.page\/index.php\/wp-json\/wp\/v2\/media?parent=674"}],"curies":[{"name":"wp","href":"https:\/\/api.w.org\/{rel}","templated":true}]}}